{"id":114,"date":"2017-02-02T14:11:17","date_gmt":"2017-02-02T14:11:17","guid":{"rendered":"http:\/\/bandpostcards.de\/?page_id=114"},"modified":"2017-02-02T15:09:22","modified_gmt":"2017-02-02T15:09:22","slug":"42-gedanken","status":"publish","type":"page","link":"https:\/\/bandpostcards.de\/?page_id=114","title":{"rendered":"42 Gedanken"},"content":{"rendered":"<p><a href=\"http:\/\/bandpostcards.de\/wp-content\/uploads\/2017\/02\/IMG_20161119_211139.jpg\"><img loading=\"lazy\" decoding=\"async\" class=\"alignleft size-full wp-image-123\" src=\"http:\/\/bandpostcards.de\/wp-content\/uploads\/2017\/02\/IMG_20161119_211139.jpg\" alt=\"Schriftzug Ausgang\" width=\"619\" height=\"99\" srcset=\"https:\/\/bandpostcards.de\/wp-content\/uploads\/2017\/02\/IMG_20161119_211139.jpg 619w, https:\/\/bandpostcards.de\/wp-content\/uploads\/2017\/02\/IMG_20161119_211139-300x48.jpg 300w, https:\/\/bandpostcards.de\/wp-content\/uploads\/2017\/02\/IMG_20161119_211139-500x80.jpg 500w\" sizes=\"auto, (max-width: 619px) 100vw, 619px\" \/><\/a><\/p>\n<h2>Vom Allgemeinen &amp; Vagen<\/h2>\n<p>Eine Dame mit einem Packen Brosch\u00fcren in der Hand fragt, ob sie mir eine Information geben k\u00f6nne. \u201eNein, danke\u201c, erwidere ich. Es g\u00e4be schon so viele Informationen, ich sei gerade dabei, diese Flut zu begrenzen. Aber, dies w\u00e4re eine <em>wichtige<\/em> Information, beharrt sie. Der H\u00f6flichkeit halber frage ich, um was f\u00fcr eine Information es sich denn handele. Das, sagt sie strahlend, stehe hier drinnen und tippt mit dem Finger auf die oberste Brosch\u00fcre.<\/p>\n<p>Etwas leiser, daf\u00fcr aber eindringlicher f\u00fcgt sie hinzu, es gehe um <em>meine<\/em> Zukunft. \u201eMeine Zukunft?\u201c wiederhole ich und will wissen, woher sie diese denn kenne. Nein, antwortet sie \u2013 unsicher nun \u2013 nicht direkt <em>meine<\/em> Zukunft, die Zukunft im Allgemeinen. \u201eAch so\u201c, entgegne ich. \u201eDann vielen Dank, vom Allgemeinen und Vagen habe ich gen\u00fcgend.\u201c<\/p>\n<p><a href=\"http:\/\/bandpostcards.de\/wp-content\/uploads\/2017\/02\/IMG_20170129_120641.jpg\"><img loading=\"lazy\" decoding=\"async\" class=\"alignleft size-full wp-image-118\" src=\"http:\/\/bandpostcards.de\/wp-content\/uploads\/2017\/02\/IMG_20170129_120641.jpg\" alt=\"Kafka Gedenktafel Berlin Grunewaldstrasse\" width=\"345\" height=\"313\" srcset=\"https:\/\/bandpostcards.de\/wp-content\/uploads\/2017\/02\/IMG_20170129_120641.jpg 345w, https:\/\/bandpostcards.de\/wp-content\/uploads\/2017\/02\/IMG_20170129_120641-300x272.jpg 300w, https:\/\/bandpostcards.de\/wp-content\/uploads\/2017\/02\/IMG_20170129_120641-331x300.jpg 331w\" sizes=\"auto, (max-width: 345px) 100vw, 345px\" \/><\/a><\/p>\n<h2>Treffen mit Kafka oder wie ich beinah die Literaturgeschichte ver\u00e4ndert h\u00e4tte<\/h2>\n<p><strong>Des \u00d6fteren komme ich w\u00e4hrend meiner Stadtspazierg\u00e4nge an der Grunewaldstra\u00dfe 13 vorbei. Dort lebte Franz Kafka von November 1923 bis Februar 1924. Alles klar soweit und ich berichtete an anderer Stelle ja auch schon ein- bis zweimal dar\u00fcber (\u00fcbrigens: die Erinnerungstafel ist immer noch dieselbe, wei\u00dfe Schrift auf wei\u00dfem Grund, unlesbar schon ab einem Abstand von vier Metern).<\/strong><\/p>\n<p>Nun aber das Folgende<span class=\"text_exposed_show\">: Wie ich also n\u00e4herkomme, geht die T\u00fcre auf und ein Mensch tritt heraus. &#8218;Nat\u00fcrlich&#8216;, denke ich, &#8218;Kai &#8211; da leben Menschen. Heutige Menschen.&#8216; W\u00e4hrend der Mann also die Treppe hinuntersteigt und den kurzen Weg zum Gartentor einschl\u00e4gt, durchf\u00e4hrt es mich wie ein Blitz: Das ist Kafka. Halt, halt. Kafka ist tot. Und doch, er ist es. Jetzt habe ich keinen Zweifel mehr. <\/span><!--more--><\/p>\n<div class=\"text_exposed_show\">\n<p>Ich nehme also allen Mut zusammen (ich mache so etwas sonst gar nicht) und spreche ihn an. Z\u00f6gerlich. &#8222;Herr Kafka &#8230;?&#8220; Er bleibt stehen, schaut sich um: &#8222;Mein Herr, kennen wir uns?&#8220; Die gro\u00dfen Augen und der Hut. Genau wie auf dem Foto. Was fehlt, ist etwas Farbe. &#8222;Nein, also, ich &#8230; ich bewundere Sie, Ihr Werk &#8230; die Kurzgeschichten &#8230;&#8220; Nun schaut er \u00fcberrascht und l\u00e4chelt unsicher. Und auch ein wenig schelmisch. &#8222;Ach, diese Kleinigkeiten kennen Sie?&#8220;<\/p>\n<p>&#8222;Kleinigkeiten? Und die Romane! Das Schlo\u00df. Der Proze\u00df! Eines meiner Lieblingsb\u00fccher. Ich lese es wieder und wieder &#8230;&#8220; Kafka ist nun sichtlich aufgebracht. &#8222;Die Romane? Aber wieso, woher &#8230;&#8220; &#8211; &#8222;Nun, Sie sind doch Franz Kafka. Die ganze Welt kennt Ihr Werk &#8230;&#8220; Kafka blinzelt irritiert. &#8222;Mein Werk? Die ganze Welt?&#8220; Er starrt mich an. Und ich frage, was wohl jeder fragen w\u00fcrde: &#8222;Sind Sie denn zufrieden mit der Anordnung der Kapitel? War das in Ihrem Sinne, so gedacht? Hat Max Brod die richtige Zusammenstellung gefunden?&#8220;<\/p>\n<p>&#8222;Max? Ach, Max &#8230;&#8220; Und er weicht zur\u00fcck, vor Schreck und v\u00f6llig aufgel\u00f6st. L\u00fcftet den Hut. &#8222;Mein Herr verzeihen Sie, ich muss unser Gespr\u00e4ch beenden.\u201c Schon ist er durch das Gartentor und auf der Treppe. Die Haust\u00fcr f\u00e4llt ins Schloss. Ich stehe da und bin ersch\u00fcttert.<\/p>\n<p>Der Bus hinter mir schreckt mich auf. St\u00f6rt das Bild. Was habe ich getan? Mit ungutem Gef\u00fchl st\u00fcrme ich nach Hause. Suche im Regal. Doch nirgends ist &#8222;Das Schlo\u00df&#8220;, &#8222;Der Proze\u00df&#8220; oder &#8222;Der Verschollene&#8220; zu finden. Nur der Band mit den Kurzgeschichten steht noch am alten Platz. Ich schaue nach im Netz. Auch da kein Wort zu den Romanen.<\/p>\n<p>Kafka ja, aber eher als Unvollendeter. Literarische Randfigur des fr\u00fchen 20. Jahrhunderts. Und ein gewisser Max Brod, Jugendfreund und langj\u00e4hriger Begleiter seines &#8222;literarischen Schaffens&#8220;, berichtet von vernichteten Manuskripten, die der Autor &#8211; also Kafka &#8211; eigenh\u00e4ndig allesamt einige Monate vor seinem Tod und kurz nach einem Berlinaufenthalt verbrannt hat. Ich muss schlucken. Mache die Augen auf.<\/p>\n<p>Neben mir liegt der letzte Band der wunderbaren Kafka-Biografie von Stach. Alles gut, denke ich. Alles gut.<\/p>\n<p><a href=\"http:\/\/bandpostcards.de\/wp-content\/uploads\/2017\/02\/IMG_20170129_120713.jpg\"><img loading=\"lazy\" decoding=\"async\" class=\"alignleft size-large wp-image-119\" src=\"http:\/\/bandpostcards.de\/wp-content\/uploads\/2017\/02\/IMG_20170129_120713-1024x577.jpg\" alt=\"Kafka in Berlin Grunewaldstrasse 13\" width=\"584\" height=\"329\" srcset=\"https:\/\/bandpostcards.de\/wp-content\/uploads\/2017\/02\/IMG_20170129_120713-1024x577.jpg 1024w, https:\/\/bandpostcards.de\/wp-content\/uploads\/2017\/02\/IMG_20170129_120713-300x169.jpg 300w, https:\/\/bandpostcards.de\/wp-content\/uploads\/2017\/02\/IMG_20170129_120713-768x433.jpg 768w, https:\/\/bandpostcards.de\/wp-content\/uploads\/2017\/02\/IMG_20170129_120713-500x282.jpg 500w, https:\/\/bandpostcards.de\/wp-content\/uploads\/2017\/02\/IMG_20170129_120713.jpg 1280w\" sizes=\"auto, (max-width: 584px) 100vw, 584px\" \/><\/a><\/p>\n<\/div>\n","protected":false},"excerpt":{"rendered":"<p>Vom Allgemeinen &amp; Vagen Eine Dame mit einem Packen Brosch\u00fcren in der Hand fragt, ob sie mir eine Information geben k\u00f6nne. \u201eNein, danke\u201c, erwidere ich. Es g\u00e4be schon so viele Informationen, ich sei gerade dabei, diese Flut zu begrenzen. Aber, &hellip; <a href=\"https:\/\/bandpostcards.de\/?page_id=114\">Weiterlesen <span class=\"meta-nav\">&rarr;<\/span><\/a><\/p>\n","protected":false},"author":1,"featured_media":0,"parent":0,"menu_order":0,"comment_status":"closed","ping_status":"closed","template":"","meta":{"footnotes":""},"class_list":["post-114","page","type-page","status-publish","hentry"],"_links":{"self":[{"href":"https:\/\/bandpostcards.de\/index.php?rest_route=\/wp\/v2\/pages\/114","targetHints":{"allow":["GET"]}}],"collection":[{"href":"https:\/\/bandpostcards.de\/index.php?rest_route=\/wp\/v2\/pages"}],"about":[{"href":"https:\/\/bandpostcards.de\/index.php?rest_route=\/wp\/v2\/types\/page"}],"author":[{"embeddable":true,"href":"https:\/\/bandpostcards.de\/index.php?rest_route=\/wp\/v2\/users\/1"}],"replies":[{"embeddable":true,"href":"https:\/\/bandpostcards.de\/index.php?rest_route=%2Fwp%2Fv2%2Fcomments&post=114"}],"version-history":[{"count":6,"href":"https:\/\/bandpostcards.de\/index.php?rest_route=\/wp\/v2\/pages\/114\/revisions"}],"predecessor-version":[{"id":117,"href":"https:\/\/bandpostcards.de\/index.php?rest_route=\/wp\/v2\/pages\/114\/revisions\/117"}],"wp:attachment":[{"href":"https:\/\/bandpostcards.de\/index.php?rest_route=%2Fwp%2Fv2%2Fmedia&parent=114"}],"curies":[{"name":"wp","href":"https:\/\/api.w.org\/{rel}","templated":true}]}}