{"id":29,"date":"2012-10-16T07:39:32","date_gmt":"2012-10-16T07:39:32","guid":{"rendered":"http:\/\/bandpostcards.de\/?page_id=29"},"modified":"2020-11-22T12:48:07","modified_gmt":"2020-11-22T12:48:07","slug":"examples","status":"publish","type":"page","link":"https:\/\/bandpostcards.de\/?page_id=29","title":{"rendered":"Examples"},"content":{"rendered":"<p><strong>bandpostcards<\/strong> \u2013 die perfekte Erg\u00e4nzung zum Internetauftritt, der Link zwischen digitaler und analoger Welt. Postkarten funktionieren immer \u2013 ohne Strom, ohne Computer, ohne Netz! <a href=\"http:\/\/bandpostcards.de\/wp-content\/uploads\/2012\/10\/streifen_bandcards1.jpg\"><img loading=\"lazy\" decoding=\"async\" class=\"alignnone size-full wp-image-39\" title=\"bandpostcards_kai reininghaus\" src=\"http:\/\/bandpostcards.de\/wp-content\/uploads\/2012\/10\/streifen_bandcards1.jpg\" alt=\"bandpostcards_kai reininghaus\" width=\"1313\" height=\"105\" srcset=\"https:\/\/bandpostcards.de\/wp-content\/uploads\/2012\/10\/streifen_bandcards1.jpg 1313w, https:\/\/bandpostcards.de\/wp-content\/uploads\/2012\/10\/streifen_bandcards1-300x23.jpg 300w, https:\/\/bandpostcards.de\/wp-content\/uploads\/2012\/10\/streifen_bandcards1-1024x81.jpg 1024w, https:\/\/bandpostcards.de\/wp-content\/uploads\/2012\/10\/streifen_bandcards1-500x39.jpg 500w\" sizes=\"auto, (max-width: 1313px) 100vw, 1313px\" \/><\/a><\/p>\n<p>Wir haben hier eine Anzahl von Beispielen zusammengestellt. Beinah alles ist m\u00f6glich, Vorder- wie auch R\u00fcckseite sind frei gestaltbar (4\/4 farbig, Euroskala), der Druck (digital) erfolgt auf 400g Material (matt oder gl\u00e4nzend). Absolut professionell und in der Qualit\u00e4t, wie man sie von einer guten Postkarte kennt (Gr\u00f6\u00dfe Din A6 \u2013 andere Formate auf Anfrage). Mit <strong>euren Motiven, Artworks, Logos, Daten<\/strong> \u2026 und\/oder unseren Ideen. Am besten, einfach eine <strong>Musterkarte<\/strong> anfordern.<\/p>\n<p><span style=\"font-family: arial black,avant garde; font-size: medium;\">bandpostcards <\/span>\u2013 <span style=\"font-family: arial,helvetica,sans-serif;\">kreativ | fair | professionell<\/span><\/p>\n<p>Tirsa Perl \u2013 Variationen zu einem Thema <a href=\"http:\/\/bandpostcards.de\/wp-content\/uploads\/2012\/10\/uebersicht_card_tirsaperl.jpg\"><img loading=\"lazy\" decoding=\"async\" class=\"alignnone size-full wp-image-40\" title=\"bandcards_tirsaperl_kai reininghaus\" src=\"http:\/\/bandpostcards.de\/wp-content\/uploads\/2012\/10\/uebersicht_card_tirsaperl.jpg\" alt=\"bandcards_tirsaperl_kai reininghaus\" width=\"1751\" height=\"886\" srcset=\"https:\/\/bandpostcards.de\/wp-content\/uploads\/2012\/10\/uebersicht_card_tirsaperl.jpg 1751w, https:\/\/bandpostcards.de\/wp-content\/uploads\/2012\/10\/uebersicht_card_tirsaperl-300x151.jpg 300w, https:\/\/bandpostcards.de\/wp-content\/uploads\/2012\/10\/uebersicht_card_tirsaperl-1024x518.jpg 1024w, https:\/\/bandpostcards.de\/wp-content\/uploads\/2012\/10\/uebersicht_card_tirsaperl-500x252.jpg 500w\" sizes=\"auto, (max-width: 1751px) 100vw, 1751px\" \/><\/a><\/p>\n<p>Als n\u00e4chsten haben wir verschiedene Beispiele f\u00fcr die <strong>R\u00fcckseitengestaltung <\/strong>zusammengestellt. Vieles ist m\u00f6glich. Klassisch wei\u00df oder eben auch mal ausgefallen schwarz? Aber das sind nur zwei Varianten. Neben allgemeinen Informationen (Webverweise, <strong>Tourdaten<\/strong> etc.) k\u00f6nnen da beispielsweise auch Cover\/Packshots von <strong>aktuellen Releases<\/strong> abgebildet werden \u2013 mit den gleichen farblichen Optionen wie die Vorderseite. Und: Ein sch\u00f6ner und wirsamer Hingucker ist der Aufdruck einer \u201c<strong>eigenen Bandbriefmarke<\/strong>\u201c. Wie geschrieben, dass sind nat\u00fcrlich <em>nur<\/em> Beispiele zur Verdeutlichung. <a href=\"http:\/\/bandpostcards.de\/wp-content\/uploads\/2012\/10\/uebersicht_cardback2.jpg\"><img loading=\"lazy\" decoding=\"async\" class=\"alignnone size-full wp-image-41\" title=\"bandpostcards_cardback_kai reininghaus\" src=\"http:\/\/bandpostcards.de\/wp-content\/uploads\/2012\/10\/uebersicht_cardback2.jpg\" alt=\"bandpostcards_cardback_kai reininghaus\" width=\"1624\" height=\"886\" srcset=\"https:\/\/bandpostcards.de\/wp-content\/uploads\/2012\/10\/uebersicht_cardback2.jpg 1624w, https:\/\/bandpostcards.de\/wp-content\/uploads\/2012\/10\/uebersicht_cardback2-300x163.jpg 300w, https:\/\/bandpostcards.de\/wp-content\/uploads\/2012\/10\/uebersicht_cardback2-1024x558.jpg 1024w, https:\/\/bandpostcards.de\/wp-content\/uploads\/2012\/10\/uebersicht_cardback2-500x272.jpg 500w\" sizes=\"auto, (max-width: 1624px) 100vw, 1624px\" \/><\/a><\/p>\n<p><strong>Hier noch eine Reihe weiterer Motive \u2013 selbstverst\u00e4ndlich alles nur Beispiele<\/strong> <a href=\"http:\/\/bandpostcards.de\/wp-content\/uploads\/2012\/10\/bandpostcards_beispiel_01.jpg\"><img loading=\"lazy\" decoding=\"async\" class=\"alignnone size-full wp-image-42\" title=\"bandpostcards_beispiel_01_kai reininghaus\" src=\"http:\/\/bandpostcards.de\/wp-content\/uploads\/2012\/10\/bandpostcards_beispiel_01.jpg\" alt=\"bandpostcards_beispiel_01_kai reininghaus\" width=\"1021\" height=\"772\" srcset=\"https:\/\/bandpostcards.de\/wp-content\/uploads\/2012\/10\/bandpostcards_beispiel_01.jpg 1021w, https:\/\/bandpostcards.de\/wp-content\/uploads\/2012\/10\/bandpostcards_beispiel_01-300x226.jpg 300w, https:\/\/bandpostcards.de\/wp-content\/uploads\/2012\/10\/bandpostcards_beispiel_01-396x300.jpg 396w\" sizes=\"auto, (max-width: 1021px) 100vw, 1021px\" \/><\/a><\/p>\n<p><span style=\"font-size: small;\">Diverse Motive | Part 2<\/span> <a href=\"http:\/\/bandpostcards.de\/wp-content\/uploads\/2012\/10\/bandpostcards_beispiel_03.jpg\"><img loading=\"lazy\" decoding=\"async\" class=\"alignnone size-full wp-image-43\" title=\"bandpostcards_beispiel_03_kai reininghaus\" src=\"http:\/\/bandpostcards.de\/wp-content\/uploads\/2012\/10\/bandpostcards_beispiel_03.jpg\" alt=\"bandpostcards_beispiel_03_kai reininghaus\" width=\"1267\" height=\"661\" srcset=\"https:\/\/bandpostcards.de\/wp-content\/uploads\/2012\/10\/bandpostcards_beispiel_03.jpg 1267w, https:\/\/bandpostcards.de\/wp-content\/uploads\/2012\/10\/bandpostcards_beispiel_03-300x156.jpg 300w, https:\/\/bandpostcards.de\/wp-content\/uploads\/2012\/10\/bandpostcards_beispiel_03-1024x534.jpg 1024w, https:\/\/bandpostcards.de\/wp-content\/uploads\/2012\/10\/bandpostcards_beispiel_03-500x260.jpg 500w\" sizes=\"auto, (max-width: 1267px) 100vw, 1267px\" \/><\/a><\/p>\n<p><span style=\"font-size: small;\">Diverse Motive | Part 3<\/span> <a href=\"http:\/\/bandpostcards.de\/wp-content\/uploads\/2012\/10\/bandpostcards_beispiel_021.jpg\"><img loading=\"lazy\" decoding=\"async\" class=\"alignnone size-full wp-image-44\" title=\"bandpostcards_beispiel_02_kai reininghaus\" src=\"http:\/\/bandpostcards.de\/wp-content\/uploads\/2012\/10\/bandpostcards_beispiel_021.jpg\" alt=\"bandpostcards_beispiel_02_kai reininghaus\" width=\"988\" height=\"772\" srcset=\"https:\/\/bandpostcards.de\/wp-content\/uploads\/2012\/10\/bandpostcards_beispiel_021.jpg 988w, https:\/\/bandpostcards.de\/wp-content\/uploads\/2012\/10\/bandpostcards_beispiel_021-300x234.jpg 300w, https:\/\/bandpostcards.de\/wp-content\/uploads\/2012\/10\/bandpostcards_beispiel_021-383x300.jpg 383w\" sizes=\"auto, (max-width: 988px) 100vw, 988px\" \/><\/a><\/p>\n<p>Interesse? Fragen? Dann einfach mit uns Kontakt aufnehmen! Mail an <span style=\"font-family: arial,helvetica,sans-serif;\">reininghausmedia(at)gmail.com<\/span> (statt -at- verwendet ihr nat\u00fcrlich das richtige Zeichen daf\u00fcr, wir lassen das um Spam zu vermeiden, mal lieber weg).<\/p>\n<p>Vielen Dank und bis bald!<\/p>\n<p>Keep on rocking! <a href=\"http:\/\/bandpostcards.de\/wp-content\/uploads\/2012\/10\/bandpostcards_example_rocknroll.jpg\"><img loading=\"lazy\" decoding=\"async\" class=\"alignnone wp-image-34\" title=\"bandpostcards_example_rocknroll_reininghausmedia\" src=\"http:\/\/bandpostcards.de\/wp-content\/uploads\/2012\/10\/bandpostcards_example_rocknroll.jpg\" alt=\"\" width=\"603\" height=\"810\" srcset=\"https:\/\/bandpostcards.de\/wp-content\/uploads\/2012\/10\/bandpostcards_example_rocknroll.jpg 603w, https:\/\/bandpostcards.de\/wp-content\/uploads\/2012\/10\/bandpostcards_example_rocknroll-223x300.jpg 223w\" sizes=\"auto, (max-width: 603px) 100vw, 603px\" \/><\/a><\/p>\n<p><span style=\"font-family: arial black,avant garde;\">bandpostcards<\/span> ist ein Angebot von <a title=\"Reininghaus Media Berlin home\" href=\"www.reininghaus-media\" target=\"_blank\" rel=\"noopener noreferrer\">Reininghaus Media Berlin<\/a>.<\/p>\n<p><strong><span style=\"font-family: arial black,avant garde; font-size: large;\">bandpostcards<\/span> \u2013 YOUR SOUND | YOUR STYLE | YOUR FANS | YOUR POSTCARD<\/strong><\/p>\n<p><span style=\"font-size: x-small;\">artwork, styles &amp; idee (c) kai reininghaus | berlin<\/span><\/p>\n","protected":false},"excerpt":{"rendered":"<p>bandpostcards \u2013 die perfekte Erg\u00e4nzung zum Internetauftritt, der Link zwischen digitaler und analoger Welt. Postkarten funktionieren immer \u2013 ohne Strom, ohne Computer, ohne Netz! Wir haben hier eine Anzahl von Beispielen zusammengestellt. Beinah alles ist m\u00f6glich, Vorder- wie auch R\u00fcckseite &hellip; <a href=\"https:\/\/bandpostcards.de\/?page_id=29\">Weiterlesen <span class=\"meta-nav\">&rarr;<\/span><\/a><\/p>\n","protected":false},"author":1,"featured_media":0,"parent":0,"menu_order":0,"comment_status":"closed","ping_status":"closed","template":"","meta":{"footnotes":""},"class_list":["post-29","page","type-page","status-publish","hentry"],"_links":{"self":[{"href":"https:\/\/bandpostcards.de\/index.php?rest_route=\/wp\/v2\/pages\/29","targetHints":{"allow":["GET"]}}],"collection":[{"href":"https:\/\/bandpostcards.de\/index.php?rest_route=\/wp\/v2\/pages"}],"about":[{"href":"https:\/\/bandpostcards.de\/index.php?rest_route=\/wp\/v2\/types\/page"}],"author":[{"embeddable":true,"href":"https:\/\/bandpostcards.de\/index.php?rest_route=\/wp\/v2\/users\/1"}],"replies":[{"embeddable":true,"href":"https:\/\/bandpostcards.de\/index.php?rest_route=%2Fwp%2Fv2%2Fcomments&post=29"}],"version-history":[{"count":10,"href":"https:\/\/bandpostcards.de\/index.php?rest_route=\/wp\/v2\/pages\/29\/revisions"}],"predecessor-version":[{"id":812,"href":"https:\/\/bandpostcards.de\/index.php?rest_route=\/wp\/v2\/pages\/29\/revisions\/812"}],"wp:attachment":[{"href":"https:\/\/bandpostcards.de\/index.php?rest_route=%2Fwp%2Fv2%2Fmedia&parent=29"}],"curies":[{"name":"wp","href":"https:\/\/api.w.org\/{rel}","templated":true}]}}