{"id":7,"date":"2012-10-08T13:59:12","date_gmt":"2012-10-08T13:59:12","guid":{"rendered":"http:\/\/bandpostcards.de\/?page_id=7"},"modified":"2020-11-24T13:09:18","modified_gmt":"2020-11-24T13:09:18","slug":"home","status":"publish","type":"page","link":"https:\/\/bandpostcards.de\/","title":{"rendered":"Home"},"content":{"rendered":"<p><strong>bandpostcards<\/strong> \u2013 die perfekte Erg\u00e4nzung zum Internetauftritt, der Link zwischen digitaler und analoger Welt. Postkarten funktionieren immer \u2013 ohne Strom, ohne Computer, ohne Netz! <a href=\"http:\/\/bandpostcards.de\/wp-content\/uploads\/2012\/10\/streifen_bandcards.jpg\"><img loading=\"lazy\" decoding=\"async\" class=\"alignnone size-full wp-image-16\" title=\"streifen_bandpostcards\" src=\"http:\/\/bandpostcards.de\/wp-content\/uploads\/2012\/10\/streifen_bandcards.jpg\" alt=\"streifen_bandpostcards\" width=\"1313\" height=\"105\" srcset=\"https:\/\/bandpostcards.de\/wp-content\/uploads\/2012\/10\/streifen_bandcards.jpg 1313w, https:\/\/bandpostcards.de\/wp-content\/uploads\/2012\/10\/streifen_bandcards-300x23.jpg 300w, https:\/\/bandpostcards.de\/wp-content\/uploads\/2012\/10\/streifen_bandcards-1024x81.jpg 1024w, https:\/\/bandpostcards.de\/wp-content\/uploads\/2012\/10\/streifen_bandcards-500x39.jpg 500w\" sizes=\"auto, (max-width: 1313px) 100vw, 1313px\" \/><\/a><strong>Facebook, Youtube, Myspace &#8230; es gibt eine Reihe von digitalen Plattformen, die Musiker und Bands nutzen k\u00f6nnen, um sich der \u00d6ffentlichkeit zu pr\u00e4sentieren. Die vielf\u00e4ltigen M\u00f6glichkeiten &#8211; Upload von Songs, Videos, Bildern und Informationen &#8211; sind bekannt und sollen hier nicht infrage gestellt werden. Welchen Stellenwert kann da ein Relikt aus der analogen Vorzeit &#8211; die Postkarte &#8211; noch einnehmen? Hat sie Relevanz? Ohne Zweifel, ja!<\/strong> <a href=\"http:\/\/bandpostcards.de\/wp-content\/uploads\/2012\/10\/leistungen_bandpostcards_01.jpg\"><img loading=\"lazy\" decoding=\"async\" class=\"alignnone size-full wp-image-17\" title=\"leistungen_bandpostcards_01\" src=\"http:\/\/bandpostcards.de\/wp-content\/uploads\/2012\/10\/leistungen_bandpostcards_01.jpg\" alt=\"leistungen_bandpostcards_01\" width=\"945\" height=\"300\" srcset=\"https:\/\/bandpostcards.de\/wp-content\/uploads\/2012\/10\/leistungen_bandpostcards_01.jpg 945w, https:\/\/bandpostcards.de\/wp-content\/uploads\/2012\/10\/leistungen_bandpostcards_01-300x95.jpg 300w, https:\/\/bandpostcards.de\/wp-content\/uploads\/2012\/10\/leistungen_bandpostcards_01-500x158.jpg 500w\" sizes=\"auto, (max-width: 945px) 100vw, 945px\" \/><\/a><\/p>\n<p><strong>Analog | Digital<\/strong><\/p>\n<p>In der Flut von Informationen, die das Web bereith\u00e4lt, bildet sie gewisserma\u00dfen einen Link zwischen analoger und digitaler Welt. Als Tr\u00e4ger f\u00fcr einen Internetverweis etwa ist die Postkarte ein Schl\u00fcssel, mit dem man gezielt einen virtuellen Raum betritt. Auf ihr kann man neue Releases ank\u00fcndigen, Konzerte ausloben, Informationen verbreiten oder einfach nur ein Statement der eigenen Existenz setzen. Hier sind wir! <strong>ARE YOU READY FOR US?<\/strong> <a href=\"http:\/\/bandpostcards.de\/wp-content\/uploads\/2012\/10\/leistungen_bandpostcards_03.jpg\"><img loading=\"lazy\" decoding=\"async\" class=\"alignnone size-full wp-image-18\" title=\"leistungen_bandpostcards_03\" src=\"http:\/\/bandpostcards.de\/wp-content\/uploads\/2012\/10\/leistungen_bandpostcards_03.jpg\" alt=\"leistungen_bandpostcards_03\" width=\"945\" height=\"300\" srcset=\"https:\/\/bandpostcards.de\/wp-content\/uploads\/2012\/10\/leistungen_bandpostcards_03.jpg 945w, https:\/\/bandpostcards.de\/wp-content\/uploads\/2012\/10\/leistungen_bandpostcards_03-300x95.jpg 300w, https:\/\/bandpostcards.de\/wp-content\/uploads\/2012\/10\/leistungen_bandpostcards_03-500x158.jpg 500w\" sizes=\"auto, (max-width: 945px) 100vw, 945px\" \/><\/a><\/p>\n<h2><strong>Individuelle Erinnerung<\/strong><\/h2>\n<p>Einmal in die Welt geschickt, wird die Postkarte von vielen Augen gesehen und wahrgenommen. Auf dem Postweg, in Kneipen, Bars, Clubs, Konzerthallen, Restaurants, kurzum: In der \u00d6ffentlichkeit ist immer Platz f\u00fcr eine Postkarte. Und als Souvenir bei Livegigs oder Releasepartys verteilt &#8211; directly from the artist (!), mit Autogrammen &#8211; ist sie Teil einer individuellen Erinnerung an ein besonderes Erlebnis f\u00fcr Fans, Besucher und Band. <a href=\"http:\/\/bandpostcards.de\/wp-content\/uploads\/2012\/10\/leistungen_bandpostcards_04.jpg\"><img loading=\"lazy\" decoding=\"async\" class=\"alignnone size-full wp-image-19\" title=\"leistungen_bandpostcards_04\" src=\"http:\/\/bandpostcards.de\/wp-content\/uploads\/2012\/10\/leistungen_bandpostcards_04.jpg\" alt=\"\" width=\"945\" height=\"300\" srcset=\"https:\/\/bandpostcards.de\/wp-content\/uploads\/2012\/10\/leistungen_bandpostcards_04.jpg 945w, https:\/\/bandpostcards.de\/wp-content\/uploads\/2012\/10\/leistungen_bandpostcards_04-300x95.jpg 300w, https:\/\/bandpostcards.de\/wp-content\/uploads\/2012\/10\/leistungen_bandpostcards_04-500x158.jpg 500w\" sizes=\"auto, (max-width: 945px) 100vw, 945px\" \/><\/a><\/p>\n<h2><strong>Leidenschaft<\/strong><\/h2>\n<p>Zudem bietet die Postkarte, mit der ihr ureigenen M\u00f6glichkeit sie anzufassen, sie in der Hand zu halten, einen direkten Kontakt zum Publikum, der einen unmittelbaren Reflex, eine sinnliche Erfahrung ausl\u00f6st. Folgen k\u00f6nnen eine liebevolle Verbundenheit, aber auch ein gewecktes Interesse sein. Vielleicht der Beginn einer gro\u00dfen Leidenschaft. Und noch vieles mehr. Denn ein au\u00dfergew\u00f6hnliches Artwork f\u00e4ngt unsere Blicke, immer noch. <a href=\"http:\/\/bandpostcards.de\/wp-content\/uploads\/2012\/10\/leistungen_bandpostcards_02.jpg\"><img loading=\"lazy\" decoding=\"async\" class=\"alignnone size-full wp-image-20\" title=\"leistungen_bandpostcards_02\" src=\"http:\/\/bandpostcards.de\/wp-content\/uploads\/2012\/10\/leistungen_bandpostcards_02.jpg\" alt=\"\" width=\"945\" height=\"300\" srcset=\"https:\/\/bandpostcards.de\/wp-content\/uploads\/2012\/10\/leistungen_bandpostcards_02.jpg 945w, https:\/\/bandpostcards.de\/wp-content\/uploads\/2012\/10\/leistungen_bandpostcards_02-300x95.jpg 300w, https:\/\/bandpostcards.de\/wp-content\/uploads\/2012\/10\/leistungen_bandpostcards_02-500x158.jpg 500w\" sizes=\"auto, (max-width: 945px) 100vw, 945px\" \/><\/a><\/p>\n<h2><strong>bandpostcards \u2013 kreativ | fair | professionell<\/strong><\/h2>\n<p>Eine Anzahl von <strong>Beispielen<\/strong> und <strong>Informationen<\/strong> zur Ausstattung haben wir unter &#8222;Examples&#8220; zusammengestellt. Oder Ihr klickt einfach <strong><a title=\"bandpostcards | exaples\" href=\"http:\/\/bandpostcards.de\/?page_id=29\" target=\"_blank\" rel=\"noopener noreferrer\">hier<\/a>. <\/strong><\/p>\n<p><a href=\"http:\/\/bandpostcards.de\/wp-content\/uploads\/2012\/10\/design_sounds_startsite.jpg\"><img loading=\"lazy\" decoding=\"async\" class=\"alignnone size-full wp-image-47\" title=\"design_sounds_kai reininghaus\" src=\"http:\/\/bandpostcards.de\/wp-content\/uploads\/2012\/10\/design_sounds_startsite.jpg\" alt=\"design_sounds_kai reininghaus\" width=\"945\" height=\"300\" srcset=\"https:\/\/bandpostcards.de\/wp-content\/uploads\/2012\/10\/design_sounds_startsite.jpg 945w, https:\/\/bandpostcards.de\/wp-content\/uploads\/2012\/10\/design_sounds_startsite-300x95.jpg 300w, https:\/\/bandpostcards.de\/wp-content\/uploads\/2012\/10\/design_sounds_startsite-500x158.jpg 500w\" sizes=\"auto, (max-width: 945px) 100vw, 945px\" \/><\/a><\/p>\n<p><sup>(c) artworks and photos kai reininghaus | Reininghaus Media Berlin<\/sup><\/p>\n<p><strong>\u00a0<\/strong><\/p>\n<p>&nbsp;<\/p>\n","protected":false},"excerpt":{"rendered":"<p>bandpostcards \u2013 die perfekte Erg\u00e4nzung zum Internetauftritt, der Link zwischen digitaler und analoger Welt. Postkarten funktionieren immer \u2013 ohne Strom, ohne Computer, ohne Netz! Facebook, Youtube, Myspace &#8230; es gibt eine Reihe von digitalen Plattformen, die Musiker und Bands nutzen &hellip; <a href=\"https:\/\/bandpostcards.de\/\">Weiterlesen <span class=\"meta-nav\">&rarr;<\/span><\/a><\/p>\n","protected":false},"author":1,"featured_media":0,"parent":0,"menu_order":0,"comment_status":"closed","ping_status":"closed","template":"","meta":{"footnotes":""},"class_list":["post-7","page","type-page","status-publish","hentry"],"_links":{"self":[{"href":"https:\/\/bandpostcards.de\/index.php?rest_route=\/wp\/v2\/pages\/7","targetHints":{"allow":["GET"]}}],"collection":[{"href":"https:\/\/bandpostcards.de\/index.php?rest_route=\/wp\/v2\/pages"}],"about":[{"href":"https:\/\/bandpostcards.de\/index.php?rest_route=\/wp\/v2\/types\/page"}],"author":[{"embeddable":true,"href":"https:\/\/bandpostcards.de\/index.php?rest_route=\/wp\/v2\/users\/1"}],"replies":[{"embeddable":true,"href":"https:\/\/bandpostcards.de\/index.php?rest_route=%2Fwp%2Fv2%2Fcomments&post=7"}],"version-history":[{"count":18,"href":"https:\/\/bandpostcards.de\/index.php?rest_route=\/wp\/v2\/pages\/7\/revisions"}],"predecessor-version":[{"id":820,"href":"https:\/\/bandpostcards.de\/index.php?rest_route=\/wp\/v2\/pages\/7\/revisions\/820"}],"wp:attachment":[{"href":"https:\/\/bandpostcards.de\/index.php?rest_route=%2Fwp%2Fv2%2Fmedia&parent=7"}],"curies":[{"name":"wp","href":"https:\/\/api.w.org\/{rel}","templated":true}]}}