{"id":74,"date":"2016-08-10T14:44:15","date_gmt":"2016-08-10T14:44:15","guid":{"rendered":"http:\/\/bandpostcards.de\/?page_id=74"},"modified":"2021-09-22T17:14:18","modified_gmt":"2021-09-22T17:14:18","slug":"reininghaus","status":"publish","type":"page","link":"https:\/\/bandpostcards.de\/?page_id=74","title":{"rendered":"Reininghaus"},"content":{"rendered":"<p><a href=\"http:\/\/bandpostcards.de\/wp-content\/uploads\/2016\/08\/IMG_20151016_082825.jpg\"><img loading=\"lazy\" decoding=\"async\" class=\"alignleft wp-image-82 size-large\" src=\"http:\/\/bandpostcards.de\/wp-content\/uploads\/2016\/08\/IMG_20151016_082825-1024x577.jpg\" alt=\"Tirsa Perl im Proberaum Ziegrastrasse, Berlin im Dezember 2015\" width=\"584\" height=\"329\" srcset=\"https:\/\/bandpostcards.de\/wp-content\/uploads\/2016\/08\/IMG_20151016_082825-1024x577.jpg 1024w, https:\/\/bandpostcards.de\/wp-content\/uploads\/2016\/08\/IMG_20151016_082825-300x169.jpg 300w, https:\/\/bandpostcards.de\/wp-content\/uploads\/2016\/08\/IMG_20151016_082825-768x433.jpg 768w, https:\/\/bandpostcards.de\/wp-content\/uploads\/2016\/08\/IMG_20151016_082825-500x282.jpg 500w, https:\/\/bandpostcards.de\/wp-content\/uploads\/2016\/08\/IMG_20151016_082825.jpg 1280w\" sizes=\"auto, (max-width: 584px) 100vw, 584px\" \/><\/a><\/p>\n<h1 style=\"text-align: center;\">MAKING NOISE IS EASY: BEHIND TIRSA PERL<\/h1>\n<p>Seit <strong>1986<\/strong> arbeiten Kai &amp; Kai von <a href=\"https:\/\/www.youtube.com\/user\/tirsaperlmusic\" target=\"_blank\" rel=\"noopener noreferrer\">TIRSA PERL<\/a> mehr oder weniger konstant musikalisch zusammen, in unterschiedlichen Projekten, mit unterschiedlichen Mitstreitern. Die intensivste Phase war ohne Zweifel die gemeinsame Zeit in Leipzig (1986 bis 1989) und ist mit zwei Bands verbunden: <strong>REININGHAUS<\/strong> und <strong>THE REAL DEAL<\/strong>. Drehen wir das Rad der Geschichte also f\u00fcr eine Handvoll Erinnerungen zur\u00fcck &#8211; let&#8217;s do the timewarp again!<\/p>\n<p><em>Aktuelle News: REININGHAUS ist mit dem Song \u201e1964\u201c auf dem fulminanten Sampler \u201eHeldenstadt anders: Der Leipziger Underground 1982-1989\u201c vertreten. Im beiliegenden Katalog gibt\u2019s dar\u00fcber hinaus noch die Story zur Band, Bilder &amp; Texte. Zu erwerben ist der 3fach Vinyl Sampler u.a. beim <a href=\"https:\/\/majorlabel.shop\/Vinyl---CD\/R---Z\/V-A\/heldenstadt-anders-leipziger-underground-1981-89-3lp-buch-poster.html?language=de\" target=\"_blank\" rel=\"noopener noreferrer\">\u201eMajor Label Mailorder\u201c (Link hier)<\/a>.<br \/>\n<\/em><\/p>\n<p><a class=\"cboxElement\" href=\"https:\/\/www.reininghaus-media.de\/wp-content\/uploads\/2019\/09\/Leipzig-LP-Set.jpg\" rel=\"lightbox[1125]\"><img loading=\"lazy\" decoding=\"async\" class=\"aligncenter size-full wp-image-1396\" src=\"https:\/\/www.reininghaus-media.de\/wp-content\/uploads\/2019\/09\/Leipzig-LP-Set.jpg\" sizes=\"auto, (max-width: 960px) 100vw, 960px\" srcset=\"https:\/\/www.reininghaus-media.de\/wp-content\/uploads\/2019\/09\/Leipzig-LP-Set.jpg 960w, https:\/\/www.reininghaus-media.de\/wp-content\/uploads\/2019\/09\/Leipzig-LP-Set-300x278.jpg 300w, https:\/\/www.reininghaus-media.de\/wp-content\/uploads\/2019\/09\/Leipzig-LP-Set-768x713.jpg 768w, https:\/\/www.reininghaus-media.de\/wp-content\/uploads\/2019\/09\/Leipzig-LP-Set-323x300.jpg 323w\" alt=\"\" width=\"960\" height=\"891\" \/><\/a>Jetzt aber! Let\u2019s do the Time Warp again \u2026 oder: In einem Land vor unserer Zeit.<\/p>\n<h2 style=\"text-align: center;\">Teil 1 (1987 &#8211; 1988): Gegen\u00a0 den Strom &#8211; Reininghaus<\/h2>\n<blockquote><p><strong>cairo<\/strong>: Wir waren damals wild entschlossen, eine Band zu gr\u00fcnden. Als ich im November 1986 nach Leipzig kam, hatte ich neben meinem Rucksack und meiner Gitarre auch eine ganze Reihe von Songs dabei. Die waren alle w\u00e4hrend der Armeezeit entstanden &#8230;<\/p>\n<p><strong>kaiman<\/strong>: Ja genau, bei der NVA haben wir uns n\u00e4mlich kennengelernt und auch &#8217;ne Weile zusammen dort in der &#8222;Regimentscombo&#8220; Musik gemacht. Das war so&#8217;ne Art Armeeband, die zum Beispiel f\u00fcr die Offiziersfeierlichkeiten zum Tanz aufspielte.<\/p>\n<p><strong>cairo<\/strong>: Ja, schauderhaft &#8230; Aber wir hatten zumindest am Abend immer die M\u00f6glichkeit, im Proberaum unsere eigenen Sachen zu spielen. Das durfte nat\u00fcrlich keiner von den Vorgesetzten wissen. War schon irgendwie tricky und auch ein Nervenkitzel. Aber insgesamt gesehen, boten sich dadurch doch immer wieder M\u00f6glichkeiten, der ganzen Tristesse, Eint\u00f6nigkeit und Unfreiheit ein wenig zu entkommen.<\/p>\n<p><strong>kaiman<\/strong>: Genau, wieder so&#8217;ne \u00dcberlebensnische &#8230;<\/p><\/blockquote>\n<p>Nach der Armeezeit zogen cairo und kaiman in einer WG im Stadtteil Gohlis zusammen. <span class=\"null\">In der nahe gelegenen Lindenthaler Stra\u00dfe fanden sie durch Zufall in einem Abrisshaus auch den Platz f\u00fcr einen passenden Proberaum<\/span>. Die anschlie\u00dfende Suche nach Musikern war abenteuerlich, ist &#8211; wie vieles andere auch aus diesen Wochen und Monaten &#8211; als Anregung und Inspiration in<a href=\"http:\/\/www.reininghaus-media.de\/leipzigbuch\/\" target=\"_blank\" rel=\"noopener noreferrer\"> &#8222;Kenton Blau &#8211; Die Leipziger Tageb\u00fccher 1986-1987&#8220; (Roman von Kai Reininghaus, 2013)<\/a> eingeflossen und kann dort nachgelesen werden. Nur soviel: Einige Zeit sp\u00e4ter lief <a href=\"http:\/\/www.robertglaeser.de\/\" target=\"_blank\" rel=\"noopener noreferrer\">Robert Gl\u00e4ser<\/a> den beiden \u00fcber den Weg. Die Bassfrage war also gekl\u00e4rt. Mit Frank Heyner an der Leadgitarre war die Urbesetzung von &#8222;<strong>Reininghaus<\/strong>&#8220; &#8211; wie die Band sich nun nannte &#8211; komplett.<\/p>\n<div id=\"attachment_83\" style=\"width: 594px\" class=\"wp-caption alignleft\"><a href=\"http:\/\/bandpostcards.de\/wp-content\/uploads\/2016\/08\/bilder_kirchenkeller.jpg\"><img loading=\"lazy\" decoding=\"async\" aria-describedby=\"caption-attachment-83\" class=\"wp-image-83 size-large\" src=\"http:\/\/bandpostcards.de\/wp-content\/uploads\/2016\/08\/bilder_kirchenkeller-1024x243.jpg\" alt=\"Einer der ersten \u00f6ffentlichen Auftritte: &quot;Reininghaus&quot; live in einem Kirchenkeller (Leipzig im Februar 1987).\" width=\"584\" height=\"139\" srcset=\"https:\/\/bandpostcards.de\/wp-content\/uploads\/2016\/08\/bilder_kirchenkeller-1024x243.jpg 1024w, https:\/\/bandpostcards.de\/wp-content\/uploads\/2016\/08\/bilder_kirchenkeller-300x71.jpg 300w, https:\/\/bandpostcards.de\/wp-content\/uploads\/2016\/08\/bilder_kirchenkeller-768x182.jpg 768w, https:\/\/bandpostcards.de\/wp-content\/uploads\/2016\/08\/bilder_kirchenkeller-500x119.jpg 500w\" sizes=\"auto, (max-width: 584px) 100vw, 584px\" \/><\/a><p id=\"caption-attachment-83\" class=\"wp-caption-text\">Einer der ersten \u00f6ffentlichen Auftritte: &#8222;Reininghaus&#8220; live in einem Kirchenkeller (Leipzig im Februar 1987).<\/p><\/div>\n<p>Hier eine fr\u00fche Aufnahme aus diesen Anfangstagen. YOU ist nur ein Fragment geblieben, zeigt aber gut, wie alles angefangen hat.<\/p>\n<p><iframe loading=\"lazy\" src=\"\/\/www.youtube.com\/embed\/zjXPq2sDnEI\" width=\"560\" height=\"315\" frameborder=\"0\" allowfullscreen=\"allowfullscreen\"><\/iframe><\/p>\n<p><a href=\"http:\/\/waldstrassenviertel.org\/photo-shoot-a-la-ddr-1987\/\" target=\"_blank\" rel=\"noopener noreferrer\">Hannes Ackner<\/a>, als Freund und Fan der Band sowieso im Proberaum immer mit dabei, brachte eines sch\u00f6nen Tages sein Saxophon mit. Und dann waren sie f\u00fcnf.<\/p>\n<p><a href=\"http:\/\/bandpostcards.de\/wp-content\/uploads\/2016\/08\/portraits02.jpg\"><img loading=\"lazy\" decoding=\"async\" class=\"alignleft wp-image-88 size-large\" src=\"http:\/\/bandpostcards.de\/wp-content\/uploads\/2016\/08\/portraits02-1024x287.jpg\" alt=\"Die Band Reininghaus 1987: Robert Gl\u00e4ser, Cairo Reininghaus, Kai M\u00fcller, Frank Heyner und Johannes Ackner.\" width=\"584\" height=\"164\" srcset=\"https:\/\/bandpostcards.de\/wp-content\/uploads\/2016\/08\/portraits02-1024x287.jpg 1024w, https:\/\/bandpostcards.de\/wp-content\/uploads\/2016\/08\/portraits02-300x84.jpg 300w, https:\/\/bandpostcards.de\/wp-content\/uploads\/2016\/08\/portraits02-768x215.jpg 768w, https:\/\/bandpostcards.de\/wp-content\/uploads\/2016\/08\/portraits02-500x140.jpg 500w, https:\/\/bandpostcards.de\/wp-content\/uploads\/2016\/08\/portraits02.jpg 1684w\" sizes=\"auto, (max-width: 584px) 100vw, 584px\" \/><\/a><\/p>\n<p>Anfangs waren viele Songs noch auf Englisch, das \u00e4nderte sich aber sehr schnell. Auf Initiative von Caesar, Roberts bekannten Musikervater, ging die Band Anfang April 1987 in ein Gohliser Studio und nahm dort in einer mehrst\u00fcndigen Session neun Songs auf (das Tape ist allerdings verschollen und wurde nie ver\u00f6ffentlicht). Zwei Drittel der Titel hatte cairo zu diesem Zeitpunkt mittlerweile mit deutschen Texten versehen.<\/p>\n<blockquote><p><strong>cairo<\/strong>: Ich kann mich nicht mehr wirklich erinnern, warum ich pl\u00f6tzlich nur noch deutsche Texte geschrieben habe. Das war nichts neues f\u00fcr mich &#8211; nur hatten wir mit &#8222;Reininghaus&#8220; eigentlich als eine Art New-Wave-Punky-Band begonnen. Es ergab sich aber auch, weil ich nun nicht mehr die Songs alleine schrieb, sondern mit Frank zusammen. Und nat\u00fcrlich gab es auch inhaltliche Ver\u00e4nderungen, die Themen wurden direkter &#8230;<\/p><\/blockquote>\n<p><iframe loading=\"lazy\" src=\"\/\/www.youtube.com\/embed\/djUnEoT8_eM\" width=\"560\" height=\"315\" frameborder=\"0\" allowfullscreen=\"allowfullscreen\"><\/iframe><\/p>\n<p>Die Band war in den folgenden Monaten live viel unterwegs, spielte in Leipzig (u.a. beim IG Rockfestival), Berlin, Potsdam, Erfurt und anderen St\u00e4dten &#8230; Die Konzerte und Minitouren waren auch das Ergebnis einer engen Zusammenarbeit mit <a href=\"http:\/\/www.xylo-arts.de\/kunstlerportrait-jens-kaufmann-auf-youtube\" target=\"_blank\" rel=\"noopener noreferrer\">Jens Kaufmann<\/a>, der die Band als Manager betreute und als Kulturhausleiter \u00fcber wichtige Kontake zu den Veranstaltern verf\u00fcgte.<\/p>\n<p><a href=\"http:\/\/bandpostcards.de\/wp-content\/uploads\/2016\/08\/anzeigelvz_rhaus_konzerte87.jpg\"><img loading=\"lazy\" decoding=\"async\" class=\"alignleft size-large wp-image-91\" src=\"http:\/\/bandpostcards.de\/wp-content\/uploads\/2016\/08\/anzeigelvz_rhaus_konzerte87-1024x319.jpg\" alt=\"Anzeigen zu Konzerten von Reininghaus in der oertlichen Presse\" width=\"584\" height=\"182\" srcset=\"https:\/\/bandpostcards.de\/wp-content\/uploads\/2016\/08\/anzeigelvz_rhaus_konzerte87-1024x319.jpg 1024w, https:\/\/bandpostcards.de\/wp-content\/uploads\/2016\/08\/anzeigelvz_rhaus_konzerte87-300x93.jpg 300w, https:\/\/bandpostcards.de\/wp-content\/uploads\/2016\/08\/anzeigelvz_rhaus_konzerte87-768x239.jpg 768w, https:\/\/bandpostcards.de\/wp-content\/uploads\/2016\/08\/anzeigelvz_rhaus_konzerte87-500x156.jpg 500w, https:\/\/bandpostcards.de\/wp-content\/uploads\/2016\/08\/anzeigelvz_rhaus_konzerte87.jpg 1656w\" sizes=\"auto, (max-width: 584px) 100vw, 584px\" \/><\/a><\/p>\n<p>Allerdings: Livemitschnitte sind rar, \u00fcberhaupt gibt es nur sehr wenige erhaltene Tondokumente. Und diese spiegeln nicht unbedingt das wider, was damals auf der B\u00fchne passierte. So wie diese Aufnahme von einem Konzert im HdjT Berlin &#8211; dem sogenannten &#8222;Haus der jungen Talente&#8220; aus dem Jahr 1988. Der Radiomitschnitt des &#8222;Rundfunks der DDR&#8220; klingt seltsam steril und wirklich, dieser Auftritt war ein schwieriger &#8230;<\/p>\n<blockquote><p><strong>cairo<\/strong>: Es war einer dieser Gigs, wo einfach der Wurm drin ist. Wir spielten auf einem fremden Equipment, hatten keine Zeit f\u00fcr einen richtigen Soundcheck &#8211; wir waren ja quasi die Vorband. Und dann rissen uns auch noch mehrmals Saiten, ich verga\u00df ganze Textzeilen &#8230; es war wie ein Fluch. Und der ganze Radiozirkus drumherum machte es nicht unbedingt besser &#8230; Wir wollten das dann nur noch irgendwie zu Ende bringen.<\/p>\n<p><strong>kaiman<\/strong>: Ja, und das Verr\u00fcckte war, dass wir ein paar Wochen zuvor hier schon ein Konzert hatten &#8211; allerdings im Untergeschoss &#8211; und das war einer unserer besten Gigs! Die Leute sind total ausgeflippt und wir haben endlos Zugaben gespielt. Leider gibt&#8217;s da keinen einzigen Ton auf Band &#8230; Und es gibt von diesem Konzert auch keine Fotos, jedenfalls habe ich noch nie eines gesehen.<\/p><\/blockquote>\n<p><iframe loading=\"lazy\" src=\"\/\/www.youtube.com\/embed\/Y9sBmxemBuI\" width=\"560\" height=\"315\" frameborder=\"0\" allowfullscreen=\"allowfullscreen\"><\/iframe><\/p>\n<p>Ein paar Wochen sp\u00e4ter l\u00f6ste sich die Band auf. Alles in allem waren nur etwa 16 Monate vergangen, viel war passiert. Vielleicht zu viel und zu schnell.<\/p>\n<blockquote><p><strong>cairo<\/strong>: Wir hatten uns musikalisch einfach auseinander entwickelt und haben das eine Zeitlang ignoriert. Aber so kann eine Band nicht wirklich auf Dauer funktionieren, das haben wir gesp\u00fcrt und bestimmt auch das Publikum bei den letzten gemeinsamen Gigs. Ich wei\u00df nicht mehr genau, wie das dann ablief. Klar, das hat auch wehgetan. Aber es war Zeit f\u00fcr etwas neues. Ich hatte so ein einengendes Gef\u00fchl, das immer st\u00e4rker wurde\u00a0 und musste unbedingt ein Fenster aufrei\u00dfen und Luft holen.<\/p>\n<p><strong>kaiman<\/strong>: Es war einfach schwierig geworden. Die Proben und so. Wir haben ja nicht gleich aufgegeben. Es kamen ein paar Leute dazu, wir probierten am Sound herum, aber das machte es nicht besser. Eben eine der klassischen M\u00f6glichkeiten, wie sich eine Band entwickeln kann. Das sind nun mal unterschiedlichen Typen, man verbringt viel Zeit miteinander. Es kann funktionieren oder nicht.<\/p><\/blockquote>\n<div id=\"attachment_94\" style=\"width: 764px\" class=\"wp-caption alignleft\"><a href=\"http:\/\/bandpostcards.de\/wp-content\/uploads\/2016\/08\/leipzig_gohlis_1986.jpg\"><img loading=\"lazy\" decoding=\"async\" aria-describedby=\"caption-attachment-94\" class=\"size-full wp-image-94\" src=\"http:\/\/bandpostcards.de\/wp-content\/uploads\/2016\/08\/leipzig_gohlis_1986.jpg\" alt=\"Nette junge Menschen auf dem Weg in eine bessere Zukunft: M\u00fcller \/ Gl\u00e4ser \/ Reininghaus in der Gohliser WG (Leipzig 1987)\" width=\"754\" height=\"834\" srcset=\"https:\/\/bandpostcards.de\/wp-content\/uploads\/2016\/08\/leipzig_gohlis_1986.jpg 754w, https:\/\/bandpostcards.de\/wp-content\/uploads\/2016\/08\/leipzig_gohlis_1986-271x300.jpg 271w\" sizes=\"auto, (max-width: 754px) 100vw, 754px\" \/><\/a><p id=\"caption-attachment-94\" class=\"wp-caption-text\">Nette junge Menschen auf dem Weg in eine bessere Zukunft: M\u00fcller \/ Gl\u00e4ser \/ Reininghaus in der Gohliser WG (Leipzig 1987)<\/p><\/div>\n<h3 style=\"text-align: center;\">Zugabe<\/h3>\n<p style=\"text-align: center;\"><strong>REININGHAUS im Studio<\/strong><\/p>\n<p style=\"text-align: center;\"><a href=\"http:\/\/bandpostcards.de\/wp-content\/uploads\/2016\/08\/setliste_reininghaus_studio.jpg\"><img loading=\"lazy\" decoding=\"async\" class=\"alignleft size-full wp-image-154\" src=\"http:\/\/bandpostcards.de\/wp-content\/uploads\/2016\/08\/setliste_reininghaus_studio.jpg\" alt=\"Reininghaus im Studio 1987\" width=\"733\" height=\"960\" srcset=\"https:\/\/bandpostcards.de\/wp-content\/uploads\/2016\/08\/setliste_reininghaus_studio.jpg 733w, https:\/\/bandpostcards.de\/wp-content\/uploads\/2016\/08\/setliste_reininghaus_studio-229x300.jpg 229w\" sizes=\"auto, (max-width: 733px) 100vw, 733px\" \/><\/a><\/p>\n<p>Dieser unscheinbare Zettel ist alles, was an einen aufregenden Tag vor 30 Jahren erinnert: Reininghaus war am 28. April 1987 zu einer Studiosession im lauschigen Leipziger Stadtteil Gohlis zusammengekommen. Etwas mehr als drei Monate waren seit der Bandgr\u00fcndung vergangen, die Einstufung lag gerade hinter der Band und nun also sollte es gleich zu Aufnahmen in ein richtiges Studio gehen. Nun, bei Reininghaus ging irgendwie a<span class=\"text_exposed_show\">lles irre schnell. Vielleicht zu schnell.<\/span><\/p>\n<div class=\"text_exposed_show\">\n<blockquote><p>cairo: Wir hatten zwar ein knappes Dutzend Songs zusammen und auch schon eine Handvoll Liveauftritte gespielt, aber einen wirklichen Stil und uns selbst hatten wir noch nicht gefunden. All diese Dinge waren uns \u00fcberhaupt nicht bewusst, interessierten uns nicht die Bohne. Roberts Papa (Caesar) hatte alles organisiert und auch bezahlt, dass machte uns nat\u00fcrlich irre stolz. Klar.<\/p>\n<p>Die Session selbst dauert einige Stunden, ich wei\u00df nicht mehr genau, wie lang. Als wir anfingen, war es noch hell. Als wir gingen, tiefe Nacht. Wir haben uns den Teufel aus dem Leib gespielt. Ich erinnere mich, dass ich mit einer Erk\u00e4ltung k\u00e4mpfte und Halsschmerzen hatte. Aber hey, dagegen gab es ja was <span class=\"_47e3 _5mfr\" title=\"\u201ewink\u201c-Emoticon\"><span class=\"_7oe\">\ud83d\ude09<\/span><\/span> Ich wei\u00df auch noch, dass wir erstaunt waren, dass es kein Mehrspuraufnahmeger\u00e4t gab. Alles ging \u00fcber den Mixer direkt in ein normales Stereo-Kassettendeck. Wir spielten also &#8211; wie im Proberaum &#8211; alle zusammen Take f\u00fcr Take ein. Verspielte sich einer, fingen wir alle wieder von vorne an.<\/p>\n<p>Wie man auf dem Zettel sehen kann, hatten wir auch noch einen Sessionmusiker dabei &#8211; Erik, den \u00e4lteren Bruder von Frank. Der war ein echter Virtuose auf der Gitarre und hatte irre Effektger\u00e4te dabei. Das Tape mit den Aufnahmen ist seit vielen Jahren verschwunden. \u00dcber die Aufnahmen kann man also nur spekulieren. Manche Songs sagen mir auch gar nichts mehr, zum Beispiel &#8222;V\u00f6llig blind&#8220; oder &#8222;Schiffe ohne Hafen&#8220;. Tja, so ist das mit den Erinnerungen. Alles in allem war es nat\u00fcrlich eine wirklich aufregende Sache f\u00fcr uns jungen Hunde damals.<\/p><\/blockquote>\n<p>Anbei noch ein rauschiges St\u00fcck (&#8222;Spiegelglas&#8220;) aus dem Proberaum, so in etwa klangen REININGHAUS zu jener Zeit.<\/p>\n<div style=\"width: 584px;\" class=\"wp-video\"><!--[if lt IE 9]><script>document.createElement('video');<\/script><![endif]-->\n<video class=\"wp-video-shortcode\" id=\"video-74-1\" width=\"584\" height=\"329\" preload=\"metadata\" controls=\"controls\"><source type=\"video\/mp4\" src=\"http:\/\/bandpostcards.de\/wp-content\/uploads\/2016\/08\/Reininghaus_01.mp4?_=1\" \/><a href=\"http:\/\/bandpostcards.de\/wp-content\/uploads\/2016\/08\/Reininghaus_01.mp4\">http:\/\/bandpostcards.de\/wp-content\/uploads\/2016\/08\/Reininghaus_01.mp4<\/a><\/video><\/div>\n<\/div>\n<h2 style=\"text-align: center;\">****<\/h2>\n<h2 style=\"text-align: center;\"><a href=\"http:\/\/bandpostcards.de\/?page_id=76\">Teil 2 (1988 &#8211; 1989): Come On And Hear Now &#8211; This Is The Real Deal For You!<\/a><\/h2>\n<p>Im zweiten Teil unserer kleinen Reise in ein &#8222;Land vor unserer Zeit&#8220; erleben wir die Geburt einer neuen Band: The Real Deal, als Reduktion auf&#8217;s Wesentliche &#8211; Gitarre, Gesang, Bass und Schlagzeug -, sorgen f\u00fcr Furore, aber auch f\u00fcr Irritationen.<\/p>\n<p style=\"text-align: center;\"><strong>TIRSA PERL &#8211; LIVE IN BERLIN AM 19.08.2016, ALTE FEUERWACHE FRIEDRICHSHAIN!<br \/>\n<a href=\"https:\/\/www.youtube.com\/user\/tirsaperlmusic\" target=\"_blank\" rel=\"noopener noreferrer\">+++ Tirsa Perl auf YouTube (Link) +++<\/a><\/strong><br \/>\n<a href=\"http:\/\/bandpostcards.de\/wp-content\/uploads\/2016\/08\/tp_plakat_A3_2015_01_berlin190816_2_s-1.jpg\"><img loading=\"lazy\" decoding=\"async\" class=\"aligncenter wp-image-105 size-large\" src=\"http:\/\/bandpostcards.de\/wp-content\/uploads\/2016\/08\/tp_plakat_A3_2015_01_berlin190816_2_s-1-724x1024.jpg\" alt=\"Tirsa Perl Live in Berlin\" width=\"584\" height=\"826\" srcset=\"https:\/\/bandpostcards.de\/wp-content\/uploads\/2016\/08\/tp_plakat_A3_2015_01_berlin190816_2_s-1-724x1024.jpg 724w, https:\/\/bandpostcards.de\/wp-content\/uploads\/2016\/08\/tp_plakat_A3_2015_01_berlin190816_2_s-1-212x300.jpg 212w, https:\/\/bandpostcards.de\/wp-content\/uploads\/2016\/08\/tp_plakat_A3_2015_01_berlin190816_2_s-1-768x1086.jpg 768w, https:\/\/bandpostcards.de\/wp-content\/uploads\/2016\/08\/tp_plakat_A3_2015_01_berlin190816_2_s-1.jpg 1253w\" sizes=\"auto, (max-width: 584px) 100vw, 584px\" \/><\/a><\/p>\n","protected":false},"excerpt":{"rendered":"<p>MAKING NOISE IS EASY: BEHIND TIRSA PERL Seit 1986 arbeiten Kai &amp; Kai von TIRSA PERL mehr oder weniger konstant musikalisch zusammen, in unterschiedlichen Projekten, mit unterschiedlichen Mitstreitern. Die intensivste Phase war ohne Zweifel die gemeinsame Zeit in Leipzig (1986 &hellip; <a href=\"https:\/\/bandpostcards.de\/?page_id=74\">Weiterlesen <span class=\"meta-nav\">&rarr;<\/span><\/a><\/p>\n","protected":false},"author":1,"featured_media":88,"parent":0,"menu_order":0,"comment_status":"closed","ping_status":"closed","template":"","meta":{"footnotes":""},"class_list":["post-74","page","type-page","status-publish","has-post-thumbnail","hentry"],"_links":{"self":[{"href":"https:\/\/bandpostcards.de\/index.php?rest_route=\/wp\/v2\/pages\/74","targetHints":{"allow":["GET"]}}],"collection":[{"href":"https:\/\/bandpostcards.de\/index.php?rest_route=\/wp\/v2\/pages"}],"about":[{"href":"https:\/\/bandpostcards.de\/index.php?rest_route=\/wp\/v2\/types\/page"}],"author":[{"embeddable":true,"href":"https:\/\/bandpostcards.de\/index.php?rest_route=\/wp\/v2\/users\/1"}],"replies":[{"embeddable":true,"href":"https:\/\/bandpostcards.de\/index.php?rest_route=%2Fwp%2Fv2%2Fcomments&post=74"}],"version-history":[{"count":20,"href":"https:\/\/bandpostcards.de\/index.php?rest_route=\/wp\/v2\/pages\/74\/revisions"}],"predecessor-version":[{"id":831,"href":"https:\/\/bandpostcards.de\/index.php?rest_route=\/wp\/v2\/pages\/74\/revisions\/831"}],"wp:featuredmedia":[{"embeddable":true,"href":"https:\/\/bandpostcards.de\/index.php?rest_route=\/wp\/v2\/media\/88"}],"wp:attachment":[{"href":"https:\/\/bandpostcards.de\/index.php?rest_route=%2Fwp%2Fv2%2Fmedia&parent=74"}],"curies":[{"name":"wp","href":"https:\/\/api.w.org\/{rel}","templated":true}]}}