{"id":76,"date":"2016-08-10T14:44:25","date_gmt":"2016-08-10T14:44:25","guid":{"rendered":"http:\/\/bandpostcards.de\/?page_id=76"},"modified":"2020-11-24T13:42:06","modified_gmt":"2020-11-24T13:42:06","slug":"the-real-deal","status":"publish","type":"page","link":"https:\/\/bandpostcards.de\/?page_id=76","title":{"rendered":"The Real Deal"},"content":{"rendered":"<h1><a href=\"http:\/\/bandpostcards.de\/wp-content\/uploads\/2020\/11\/RealDealpromokarte1988.jpg\"><img loading=\"lazy\" decoding=\"async\" class=\"aligncenter wp-image-821 size-full\" src=\"http:\/\/bandpostcards.de\/wp-content\/uploads\/2020\/11\/RealDealpromokarte1988.jpg\" alt=\"Promokarte The Real Deal 1988 (c) kai reininghaus\" width=\"613\" height=\"463\" srcset=\"https:\/\/bandpostcards.de\/wp-content\/uploads\/2020\/11\/RealDealpromokarte1988.jpg 613w, https:\/\/bandpostcards.de\/wp-content\/uploads\/2020\/11\/RealDealpromokarte1988-300x227.jpg 300w, https:\/\/bandpostcards.de\/wp-content\/uploads\/2020\/11\/RealDealpromokarte1988-397x300.jpg 397w\" sizes=\"auto, (max-width: 613px) 100vw, 613px\" \/><\/a><span style=\"font-size: 12pt;\">Come On And Hear Now &#8211; This Is <strong>The Real Deal<\/strong> For You (1987-1989)<\/span><\/h1>\n<p>&#8230; starten wir mit einem Song vom ersten Tape der Band: THE GIRL!<\/p>\n<p><iframe loading=\"lazy\" src=\"\/\/www.youtube.com\/embed\/LkpDMWHkDKk\" width=\"560\" height=\"315\" frameborder=\"0\" allowfullscreen=\"allowfullscreen\" data-mce-fragment=\"1\"><\/iframe><\/p>\n<p><strong>Vor 30 Jahren war die Welt noch eine andere: Deutschland geteilt durch eine t\u00f6dliche Grenze und das Internet, das Internet? Nicht vorhanden. Unvorstellbar? Nein, einfach nur die Realit\u00e4t. In Leipzig hatten drei junge Typen gerade eine Band gegr\u00fcndet (Dezember 1987): THE REAL DEAL (Kaiman M\u00fcller &#8211; drums, Cairo Reininghaus &#8211; voice, guitars und &#8222;der Dicke&#8220; (bass, saxofon &amp; voice). <\/strong><\/p>\n<p>Songs entstanden, man probte bis die Finger bluteten und im M\u00e4rz 1988 war es dann soweit \u2013 das erste Tape (damals noch Kassette) war fertig! Und es entstand genau da, wo die Jungs sich sowieso am meisten aufhielten: im Proberaum. Auftritte folgten, quer durch&#8217;s kleine Land. Und weitere Tapes &#8230; <a id=\"longdesc-return-1321\"><\/a>Starten wir also eine kleine Zeitreise! Doch zuvor noch aktuelle Meldungen &#8230;<\/p>\n<p><a href=\"https:\/\/www.reininghaus-media.de\/wp-content\/uploads\/2020\/07\/Real-Deal_LP_Promo.jpg\"><img loading=\"lazy\" decoding=\"async\" class=\"aligncenter size-full wp-image-1970\" src=\"https:\/\/www.reininghaus-media.de\/wp-content\/uploads\/2020\/07\/Real-Deal_LP_Promo.jpg\" alt=\"Real Deal LP By The Wall erscheint im September 2020\" width=\"1232\" height=\"646\" \/><\/a><a id=\"longdesc-return-1970\"><\/a><\/p>\n<h2>BY THE WALL (Live Tape von 1989) erscheint zum ersten Mal auf Vinyl<\/h2>\n<p>Im Januar 1989 spielte THE REAL DEAL (1987-1989) einen legend\u00e4ren Gig im damaligen Ost-Berlin. X-MAL MUSIC ZUR ZEIT hie\u00df die Veranstaltung, die in einem Kino nur wenige Meter von der Mauer entfernt stattfand. Schon als Tape seinerzeit erfolgreich und begehrt, erscheint nun erstmals eine <b>limitierte Vinylausgabe<\/b> des Konzerts auf <strong>Elbtal Records<\/strong>. Postpunk und Wavepop in erstaunlich guter Soundqualit\u00e4t, zeitlose und mitreisende Songs. Dazu gibt\u2019s ein vierseitiges Booklet mit vielen Fotos, der Bandstory und einem Interview mit Schlagzeuger Kai M\u00fcller und S\u00e4nger Kai Reininghaus. <a href=\"http:\/\/prelle.bplaced.net\/index2.htm\" target=\"_blank\" rel=\"noopener noreferrer\">Vorbestellungen hier (Link zum Mailorder truemmer popo).\u00a0<\/a>Im Film unten erinnern sich Reininghaus und M\u00fcller u.a. an die turbulenten Stunden damals und die N\u00e4he der Mauer.<\/p>\n<p><iframe loading=\"lazy\" src=\"https:\/\/www.facebook.com\/plugins\/post.php?href=https%3A%2F%2Fwww.facebook.com%2FHeldenstadt.Anders%2Fposts%2F2484291248449482&amp;show_text=true&amp;width=552&amp;height=1178&amp;appId\" width=\"552\" height=\"1178\" frameborder=\"0\" scrolling=\"no\" data-mce-fragment=\"1\"><\/iframe><\/p>\n<h2>Real Deal auf &#8222;Heldenstadt anders&#8220; &#8211; 3fach Vinyl-Edition<\/h2>\n<p>Auf dem im September erscheinenden Album &#8222;<strong>heldenstadt.anders: Der Leipziger Underground 1981 &#8211; 1989<\/strong>&#8220; (<a href=\"http:\/\/prelle.bplaced.net\/index2.htm\" target=\"_blank\" rel=\"noopener noreferrer\">truemmer-pogo<\/a>) sind THE REAL DEAL mit zwei Songs vertreten (The Girl und eine Liveversion von Heartbeat Of Freedom). Insgesamt sind in der limitierten Box drei LPs, ein sehr sch\u00f6nes Buch (Infos und Fotos zu allen Bands) und ein Poster. Empfehlenswert!<\/p>\n<p><a href=\"https:\/\/www.reininghaus-media.de\/wp-content\/uploads\/2019\/09\/Leipzig-LP-Set.jpg\"><img loading=\"lazy\" decoding=\"async\" class=\"aligncenter size-full wp-image-1396\" src=\"https:\/\/www.reininghaus-media.de\/wp-content\/uploads\/2019\/09\/Leipzig-LP-Set.jpg\" alt=\"\" width=\"960\" height=\"891\" \/><\/a><a id=\"longdesc-return-1396\"><\/a><\/p>\n<h2>The Real Deal beim OstArt Festival in Berlin (09.11.2019)<\/h2>\n<p>Beim OstArt Festival in Berlin (09. und 10.11.2019) anl\u00e4sslich des 30. Jahrestages des Mauerfalls, waren THE REAL DEAL Teil eines umfangreichen Programms aus Musik, Film und Ausstellungen. Mit dabei waren u.a. Bands wie Herbst in Peking oder auch Expander des Fortschritts.<\/p>\n<p><a href=\"https:\/\/www.reininghaus-media.de\/wp-content\/uploads\/2019\/11\/74487084_3679176772108485_1844060284600188928_o.jpg\"><img loading=\"lazy\" decoding=\"async\" class=\"aligncenter size-full wp-image-1564\" src=\"https:\/\/www.reininghaus-media.de\/wp-content\/uploads\/2019\/11\/74487084_3679176772108485_1844060284600188928_o.jpg\" alt=\"\" width=\"768\" height=\"960\" \/><\/a><a id=\"longdesc-return-1564\"><\/a>The Real Deal live auf der B\u00fchne beim OstArt Festival<\/p>\n<p><a href=\"https:\/\/www.reininghaus-media.de\/wp-content\/uploads\/2019\/11\/ostart_01.jpg\"><img loading=\"lazy\" decoding=\"async\" class=\"aligncenter size-full wp-image-1565\" src=\"https:\/\/www.reininghaus-media.de\/wp-content\/uploads\/2019\/11\/ostart_01.jpg\" alt=\"\" width=\"960\" height=\"483\" \/><\/a><a id=\"longdesc-return-1565\"><\/a> <a href=\"https:\/\/www.reininghaus-media.de\/wp-content\/uploads\/2019\/11\/ostart_02.jpg\"><img loading=\"lazy\" decoding=\"async\" class=\"aligncenter size-full wp-image-1566\" src=\"https:\/\/www.reininghaus-media.de\/wp-content\/uploads\/2019\/11\/ostart_02.jpg\" alt=\"\" width=\"1286\" height=\"640\" \/><\/a><a id=\"longdesc-return-1566\"><\/a> <a href=\"https:\/\/www.reininghaus-media.de\/wp-content\/uploads\/2019\/11\/ostart_03.jpg\"><img loading=\"lazy\" decoding=\"async\" class=\"aligncenter size-full wp-image-1567\" src=\"https:\/\/www.reininghaus-media.de\/wp-content\/uploads\/2019\/11\/ostart_03.jpg\" alt=\"\" width=\"960\" height=\"505\" \/><\/a>Kurze Live-Sequenz des Konzerts vom 09.11.2019 in Berlin. Die Show dauert insgesamt knapp 50 Minuten.<a id=\"longdesc-return-1567\"><\/a><\/p>\n<div style=\"width: 584px;\" class=\"wp-video\"><!--[if lt IE 9]><script>document.createElement('video');<\/script><![endif]-->\n<video class=\"wp-video-shortcode\" id=\"video-76-1\" width=\"584\" height=\"1038\" poster=\"https:\/\/www.reininghaus-media.de\/wp-content\/uploads\/2019\/11\/ostart_01.jpg\" preload=\"metadata\" controls=\"controls\"><source type=\"video\/mp4\" src=\"https:\/\/www.reininghaus-media.de\/wp-content\/uploads\/2019\/11\/VIDEO-2019-11-09-15-35-581.mp4?_=1\" \/><a href=\"https:\/\/www.reininghaus-media.de\/wp-content\/uploads\/2019\/11\/VIDEO-2019-11-09-15-35-581.mp4\">https:\/\/www.reininghaus-media.de\/wp-content\/uploads\/2019\/11\/VIDEO-2019-11-09-15-35-581.mp4<\/a><\/video><\/div>\n<h2>&#8212;&#8212;&#8212;&#8212;&#8212;&#8212;&#8212;&#8212;&#8212;&#8212;&#8212;&#8212;&#8212;&#8212;&#8212;&#8212;&#8212;&#8212;&#8212;&#8212;&#8212;&#8212;&#8212;&#8212;&#8212;&#8212;&#8212;&#8212;&#8212;&#8212;&#8212;&#8212;&#8212;&#8212;&#8212;&#8212;&#8212;&#8212;&#8211;<\/h2>\n<h2>The Real Deal beim heldenstadt.anders Festival in Leipzig (14.09.2019)<\/h2>\n<p>Anl\u00e4sslich der Ver\u00f6ffentlichung der &#8222;Heldenstadt Anders&#8220; 3fach LP fand vom 12. bis zum 14.09.2019 im UT Connewitz das Heldenstadt Anders Festival statt. REAL DEAL spielten am Samstag ein enthusiastisches 45-Minuten-Set.<\/p>\n<div id=\"attachment_1418\" style=\"width: 730px\" class=\"wp-caption aligncenter\"><a href=\"https:\/\/www.reininghaus-media.de\/wp-content\/uploads\/2019\/10\/plakat.jpg\"><img loading=\"lazy\" decoding=\"async\" aria-describedby=\"caption-attachment-1418\" class=\"wp-image-1418 size-full\" src=\"https:\/\/www.reininghaus-media.de\/wp-content\/uploads\/2019\/10\/plakat.jpg\" alt=\"Tirsa Perl aka The Real Deal beim heldenstadt.anders Festival in Leipzig\" width=\"720\" height=\"960\" \/><\/a><p id=\"caption-attachment-1418\" class=\"wp-caption-text\"><a id=\"longdesc-return-1418\"><\/a> Tirsa Perl aka The Real Deal nach dem tollen Konzert im UT Connewitz: Fischer, Reininghaus und M\u00fcller (v.l.n.r.)<\/p><\/div>\n<h2>The Real Deal live beim &#8222;<a href=\"https:\/\/www.facebook.com\/Heldenstadt.Anders\/\" target=\"_blank\" rel=\"noopener noreferrer\">Heldenstadt Anders Festival<\/a>&#8220; in Leipzig (2019)<\/h2>\n<p>Au\u00dfergew\u00f6hnliche Ereignisse brauchen besondere Unterst\u00fctzung: Wenn nach mehr als 30 Jahren die bekanntesten Underground Bands Leipzigs noch einmal auftreten, ist das ein einmaliger Moment, den es festzuhalten gilt. So geschehen: Ein Filmteam zeichnete einen gro\u00dfen Teil des Festivals auf und erstellte daraus einen Film, der im Januar 2020 im UT Connewitz Premiere feierte. Hier Ausschnitte aus dem Real Deal Set. Zun\u00e4chst SECONDS OF FATE &#8230;<\/p>\n<div style=\"width: 584px;\" class=\"wp-video\"><video class=\"wp-video-shortcode\" id=\"video-76-2\" width=\"584\" height=\"329\" poster=\"https:\/\/www.reininghaus-media.de\/wp-content\/uploads\/2020\/02\/screen8.jpg\" preload=\"metadata\" controls=\"controls\"><source type=\"video\/mp4\" src=\"https:\/\/www.reininghaus-media.de\/wp-content\/uploads\/2020\/02\/Seconds-Of-Fate-Live-Video-2020.mp4?_=2\" \/><a href=\"https:\/\/www.reininghaus-media.de\/wp-content\/uploads\/2020\/02\/Seconds-Of-Fate-Live-Video-2020.mp4\">https:\/\/www.reininghaus-media.de\/wp-content\/uploads\/2020\/02\/Seconds-Of-Fate-Live-Video-2020.mp4<\/a><\/video><\/div>\n<p>Und hier ein weiterer Titel (ARE YOU READY) vom Leipzig-Konzert, den Reininghaus, M\u00fcller und Fischer auch mit ihrem aktuellen Projekt <strong><a href=\"https:\/\/www.youtube.com\/user\/tirsaperlmusic\" target=\"_blank\" rel=\"noopener noreferrer\">TIRSA PERL<\/a><\/strong> spielen.<\/p>\n<p><iframe loading=\"lazy\" src=\"\/\/www.youtube.com\/embed\/XffshKFoHPc\" width=\"560\" height=\"315\" frameborder=\"0\" allowfullscreen=\"allowfullscreen\" data-mce-fragment=\"1\"><\/iframe><\/p>\n<p>++++++++++++++++++++++++++++++++++++++<\/p>\n<h2><strong>Recording im Abrisshaus<\/strong>: <strong><a href=\"https:\/\/bandpostcards.de\/?p=436\" target=\"_blank\" rel=\"noopener noreferrer\">Die Story gibt es HIER (einfach klicken)<\/a><\/strong>.<\/h2>\n<p>Das erste Tape von Real Deal entstand im Dezember 1987 (Urfassung) und wurde dann noch einmal (fast komplett) neu eingespielt und schlie\u00dflich im M\u00e4rz 1988 ver\u00f6ffentlicht.<\/p>\n<h2><a href=\"https:\/\/www.reininghaus-media.de\/wp-content\/uploads\/2018\/08\/fb_bild_RD_tape1_1.jpg\"><img loading=\"lazy\" decoding=\"async\" class=\"aligncenter wp-image-1305 size-large\" src=\"https:\/\/www.reininghaus-media.de\/wp-content\/uploads\/2018\/08\/fb_bild_RD_tape1_1-1024x538.jpg\" alt=\"Das erste Tape von Real Deal - Leipzig 1988 - Hier die Story\" width=\"584\" height=\"307\" \/><\/a>Take A Picture: Die erste <strong>Real Deal-Fotosession<\/strong> &#8230;<\/h2>\n<p>im Tagebau Leipzig-Markkleeberg (Juni 1988) &#8211; der heute komplett unter Wasser liegt. <strong><a href=\"https:\/\/bandpostcards.de\/?p=526\" target=\"_blank\" rel=\"noopener noreferrer\">Die Story auf bandpostcards.de<\/a><\/strong>. (einfach klicken)<\/p>\n<h2><a href=\"https:\/\/www.reininghaus-media.de\/wp-content\/uploads\/2018\/08\/fb_bild_RD_tagebau.jpg\"><img loading=\"lazy\" decoding=\"async\" class=\"aligncenter wp-image-1306 size-large\" src=\"https:\/\/www.reininghaus-media.de\/wp-content\/uploads\/2018\/08\/fb_bild_RD_tagebau-1024x538.jpg\" alt=\"\" width=\"584\" height=\"307\" \/><\/a><strong>Heartbeat Of Freedom<\/strong><\/h2>\n<p>Ein Song ist ein Song ist ein Song: <a href=\"https:\/\/bandpostcards.de\/?p=162\" target=\"_blank\" rel=\"noopener noreferrer\">Die Geschichte dazu wie immer auf <strong>bandpostcards.de<\/strong> (einfach anklicken)<\/a><\/p>\n<p><iframe loading=\"lazy\" src=\"\/\/www.youtube.com\/embed\/kdTbA7RnhSU\" width=\"560\" height=\"315\" frameborder=\"0\" allowfullscreen=\"allowfullscreen\" data-mce-fragment=\"1\"><\/iframe><\/p>\n<h2><strong>Nobody Is Perfect &#8211; das zweite Tape<\/strong><\/h2>\n<p>Im Oktober 1988 ver\u00f6ffentlichte die damalige Leipziger Indieband The Real Deal ihr zweites Tape. NOBODY IS PERFECT erschien so nur sechs Monate nach dem Release des Debuts. Ein irres Tempo, wenn man sich die Anzahl der Songs anschaut. Und dazu kamen ja noch das Cover, Fotosessions und nat\u00fcrlich Auftritte. Wie das alles m\u00f6glich war, erz\u00e4hlen Cairo und Kaiman hier. Und Songs von damals gibt es nat\u00fcrlich auch \u2026 [<a href=\"https:\/\/bandpostcards.de\/?p=595\" target=\"_blank\" rel=\"noopener noreferrer\"><strong>Link zu bandpostcards.de<\/strong><\/a>]<\/p>\n<p><iframe loading=\"lazy\" src=\"\/\/www.youtube.com\/embed\/kjAb4akg0SQ\" width=\"560\" height=\"315\" frameborder=\"0\" allowfullscreen=\"allowfullscreen\" data-mce-fragment=\"1\"><\/iframe><\/p>\n<h2>First we take Leipzig &#8230; Than we take Berlin<\/h2>\n<p>Im Januar 1989 spielte die Leipziger Indieband THE REAL DEAL (1987 \u2013 1989) ihr erstes Konzert in Berlin. 1987 und 1988 waren Reininghaus und M\u00fcller schon mit ihrer fr\u00fcheren Formation REININGHAUS in der \u201eHauptstadt der DDR\u201c aufgetreten \u2013 mit unterschiedlichem Ergebnis und gemischten Gef\u00fchlen. Aber: Aller guten Dinge sind ja drei, wie das Sprichwort sagt. Die Story zum Gig (direkt an der Mauer) + Fotos + Musik vom Konzert &#8230;<strong><a href=\"https:\/\/bandpostcards.de\/?p=657\" target=\"_blank\" rel=\"noopener noreferrer\"> Link zu Bandpostcards hier.<\/a><\/strong><\/p>\n<p><a href=\"https:\/\/www.reininghaus-media.de\/wp-content\/uploads\/2019\/01\/fb_bild_RD_berlin.jpg\"><img loading=\"lazy\" decoding=\"async\" class=\"aligncenter size-large wp-image-1342\" src=\"https:\/\/www.reininghaus-media.de\/wp-content\/uploads\/2019\/01\/fb_bild_RD_berlin-1024x538.jpg\" alt=\"The Real DEal Live in Berlin 1989\" width=\"584\" height=\"307\" \/><\/a>Hier ein kleiner Ausschnitt aus dem Berlinkonzert vom Januar 1989 (bei xMAL Musik zur Zeit): <strong>THE LOOSE<\/strong> &amp; <strong>NOBODY&#8217;S PERFECT<\/strong> live<\/p>\n<p><iframe loading=\"lazy\" src=\"\/\/www.youtube.com\/embed\/lnjaKeoinqU\" width=\"560\" height=\"315\" frameborder=\"0\" allowfullscreen=\"allowfullscreen\" data-mce-fragment=\"1\"><\/iframe><\/p>\n<h2><strong>Kleine Fotogalerie: The Real Deal &#8211; Indiepop made in g.d.r.<br \/>\n<\/strong><\/h2>\n<p><a href=\"https:\/\/www.reininghaus-media.de\/wp-content\/uploads\/2018\/11\/RD_TagebauSession_11_red.jpg\"><img loading=\"lazy\" decoding=\"async\" class=\"aligncenter size-large wp-image-1323\" src=\"https:\/\/www.reininghaus-media.de\/wp-content\/uploads\/2018\/11\/RD_TagebauSession_11_red-670x1024.jpg\" alt=\"the real deal Fotosession im Tagebau Leipzig 1988 (c) Kai Reininghaus\" width=\"584\" height=\"893\" \/><\/a><a href=\"https:\/\/www.reininghaus-media.de\/wp-content\/uploads\/2018\/11\/rd_park_88_05.jpg\"><img loading=\"lazy\" decoding=\"async\" class=\"aligncenter size-large wp-image-1324\" src=\"https:\/\/www.reininghaus-media.de\/wp-content\/uploads\/2018\/11\/rd_park_88_05-1024x424.jpg\" alt=\"Real Deal Live Leipzig 1988\" width=\"584\" height=\"242\" \/><\/a><a href=\"https:\/\/www.reininghaus-media.de\/wp-content\/uploads\/2018\/11\/DuChesneSession_10_1988_01_2_s.jpg\"><img loading=\"lazy\" decoding=\"async\" class=\"aligncenter size-full wp-image-1325\" src=\"https:\/\/www.reininghaus-media.de\/wp-content\/uploads\/2018\/11\/DuChesneSession_10_1988_01_2_s.jpg\" alt=\"Teal Deal Fotosession DuChesneSession_10_1988_01_2_s\" width=\"469\" height=\"709\" \/><\/a><a href=\"https:\/\/www.reininghaus-media.de\/wp-content\/uploads\/2018\/11\/realdeal_polaroid_grafik_1988_2.jpeg\"><img loading=\"lazy\" decoding=\"async\" class=\"aligncenter size-large wp-image-1326\" src=\"https:\/\/www.reininghaus-media.de\/wp-content\/uploads\/2018\/11\/realdeal_polaroid_grafik_1988_2-1006x1024.jpeg\" alt=\"real deal live grafik hochschule leipzig 1988_2\" width=\"584\" height=\"594\" \/><\/a><\/p>\n<p><a href=\"http:\/\/www.reininghaus-media.de\/wp-content\/uploads\/2016\/08\/08_RD_TagebauSession_30_phil.jpg\"><img loading=\"lazy\" decoding=\"async\" class=\"aligncenter size-full wp-image-1156\" src=\"http:\/\/www.reininghaus-media.de\/wp-content\/uploads\/2016\/08\/08_RD_TagebauSession_30_phil.jpg\" alt=\"The Real Deal 1988 bei einer Fotosession in einem ehemaligen Tagebau in der N\u00e4he von Leipzig\" width=\"1265\" height=\"945\" \/><\/a><a id=\"longdesc-return-1156\"><\/a><\/p>\n<div style=\"width: 584px;\" class=\"wp-video\"><video class=\"wp-video-shortcode\" id=\"video-76-3\" width=\"584\" height=\"1038\" preload=\"metadata\" controls=\"controls\"><source type=\"video\/mp4\" src=\"https:\/\/www.reininghaus-media.de\/wp-content\/uploads\/2019\/11\/VIDEO-2019-11-09-15-35-581.mp4?_=3\" \/><a href=\"https:\/\/www.reininghaus-media.de\/wp-content\/uploads\/2019\/11\/VIDEO-2019-11-09-15-35-581.mp4\">https:\/\/www.reininghaus-media.de\/wp-content\/uploads\/2019\/11\/VIDEO-2019-11-09-15-35-581.mp4<\/a><\/video><\/div>\n","protected":false},"excerpt":{"rendered":"<p>Come On And Hear Now &#8211; This Is The Real Deal For You (1987-1989) &#8230; starten wir mit einem Song vom ersten Tape der Band: THE GIRL! Vor 30 Jahren war die Welt noch eine andere: Deutschland geteilt durch eine &hellip; <a href=\"https:\/\/bandpostcards.de\/?page_id=76\">Weiterlesen <span class=\"meta-nav\">&rarr;<\/span><\/a><\/p>\n","protected":false},"author":1,"featured_media":110,"parent":0,"menu_order":0,"comment_status":"closed","ping_status":"closed","template":"","meta":{"footnotes":""},"class_list":["post-76","page","type-page","status-publish","has-post-thumbnail","hentry"],"_links":{"self":[{"href":"https:\/\/bandpostcards.de\/index.php?rest_route=\/wp\/v2\/pages\/76","targetHints":{"allow":["GET"]}}],"collection":[{"href":"https:\/\/bandpostcards.de\/index.php?rest_route=\/wp\/v2\/pages"}],"about":[{"href":"https:\/\/bandpostcards.de\/index.php?rest_route=\/wp\/v2\/types\/page"}],"author":[{"embeddable":true,"href":"https:\/\/bandpostcards.de\/index.php?rest_route=\/wp\/v2\/users\/1"}],"replies":[{"embeddable":true,"href":"https:\/\/bandpostcards.de\/index.php?rest_route=%2Fwp%2Fv2%2Fcomments&post=76"}],"version-history":[{"count":6,"href":"https:\/\/bandpostcards.de\/index.php?rest_route=\/wp\/v2\/pages\/76\/revisions"}],"predecessor-version":[{"id":212,"href":"https:\/\/bandpostcards.de\/index.php?rest_route=\/wp\/v2\/pages\/76\/revisions\/212"}],"wp:featuredmedia":[{"embeddable":true,"href":"https:\/\/bandpostcards.de\/index.php?rest_route=\/wp\/v2\/media\/110"}],"wp:attachment":[{"href":"https:\/\/bandpostcards.de\/index.php?rest_route=%2Fwp%2Fv2%2Fmedia&parent=76"}],"curies":[{"name":"wp","href":"https:\/\/api.w.org\/{rel}","templated":true}]}}